{"id":2678,"date":"2023-06-23T18:01:50","date_gmt":"2023-06-23T18:01:50","guid":{"rendered":"https:\/\/amedclinic.hu\/product\/staminorising-novenyi-ossejt-hajfurdo-100-ml\/"},"modified":"2025-10-28T14:58:48","modified_gmt":"2025-10-28T14:58:48","slug":"staminorising-novenyi-ossejt-hajfurdo-100-ml","status":"publish","type":"product","link":"https:\/\/amedclinic.hu\/ua\/product\/staminorising-novenyi-ossejt-hajfurdo-100-ml\/","title":{"rendered":"O&#039;RISING StaminO&#039;Rising \u2013 \u0432\u0430\u043d\u043d\u0430 \u0434\u043b\u044f \u0432\u043e\u043b\u043e\u0441\u0441\u044f \u0437\u0456 \u0441\u0442\u043e\u0432\u0431\u0443\u0440\u043e\u0432\u0438\u0445 \u043a\u043b\u0456\u0442\u0438\u043d \u0440\u043e\u0441\u043b\u0438\u043d 100 \u043c\u043b"},"content":{"rendered":"<p>\u0410\u043a\u0442\u0438\u0432\u043d\u0456 \u0440\u043e\u0441\u043b\u0438\u043d\u043d\u0456 \u0441\u0442\u043e\u0432\u0431\u0443\u0440\u043e\u0432\u0456 \u043a\u043b\u0456\u0442\u0438\u043d\u0438 \u0432 \u043a\u043e\u043c\u043f\u043b\u0435\u043a\u0441\u0456 StaminO&#039;Rising \u0432\u0438\u0434\u043e\u0431\u0443\u0432\u0430\u044e\u0442\u044c\u0441\u044f \u0437\u0430 \u0434\u043e\u043f\u043e\u043c\u043e\u0433\u043e\u044e \u0441\u0435\u0440\u0456\u0457 \u043b\u0430\u0431\u043e\u0440\u0430\u0442\u043e\u0440\u043d\u0438\u0445 \u043f\u0440\u043e\u0446\u0435\u0441\u0456\u0432 \u0437 \u044f\u0431\u043b\u0443\u043d\u0456 \u0434\u043e\u043c\u0430\u0448\u043d\u044c\u043e\u0457 (Malus Domestica) (\u043f\u0440\u0435\u0434\u043a\u0430 \u0434\u043e\u043c\u0430\u0448\u043d\u044c\u043e\u0457 \u044f\u0431\u043b\u0443\u043d\u0456), \u044f\u043a\u0430 \u0440\u043e\u0441\u0442\u0435 \u0443 \u0428\u0432\u0435\u0439\u0446\u0430\u0440\u0456\u0457 \u0437 700 \u0440\u043e\u043a\u0443 \u043d\u0430\u0448\u043e\u0457 \u0435\u0440\u0438. \u0407\u0457 \u043a\u043b\u0456\u0442\u0438\u043d\u0438 \u0434\u043e\u0432\u0433\u043e\u0432\u0456\u0447\u043d\u0456 \u0442\u0430 \u0437\u0430\u0431\u0435\u0437\u043f\u0435\u0447\u0443\u044e\u0442\u044c \u0441\u0432\u0456\u0436\u0456\u0441\u0442\u044c \u043f\u043b\u043e\u0434\u0456\u0432 \u043f\u0440\u043e\u0442\u044f\u0433\u043e\u043c \u0442\u0440\u0438\u0432\u0430\u043b\u043e\u0433\u043e \u0447\u0430\u0441\u0443 \u0437\u0430\u0432\u0434\u044f\u043a\u0438 \u0432\u0438\u0441\u043e\u043a\u043e\u043c\u0443 \u0432\u043c\u0456\u0441\u0442\u0443 \u043a\u0438\u0441\u043b\u043e\u0442 \u0442\u0430 \u0442\u0430\u043d\u0456\u043d\u0456\u0432. \u0421\u044c\u043e\u0433\u043e\u0434\u043d\u0456 \u0442\u0435\u0445\u043d\u043e\u043b\u043e\u0433\u0456\u044f \u0435\u043a\u0441\u0442\u0440\u0430\u043a\u0446\u0456\u0457 \u043a\u043b\u0456\u0442\u0438\u043d \u0434\u043e\u0437\u0432\u043e\u043b\u044f\u0454 \u0432\u0456\u0434\u0442\u0432\u043e\u0440\u044e\u0432\u0430\u0442\u0438 \u0446\u0456\u043d\u043d\u0456 \u043a\u043b\u0456\u0442\u0438\u043d\u0438 \u0437 \u0440\u0456\u0434\u043a\u0456\u0441\u043d\u0438\u0445 \u0440\u043e\u0441\u043b\u0438\u043d, \u0442\u0430\u043a\u0438\u0445 \u044f\u043a \u044f\u0431\u043b\u0443\u043d\u044f \u0434\u043e\u043c\u0430\u0448\u043d\u044f (Malus Domestica). \u041a\u043e\u043c\u0443 \u0440\u0435\u043a\u043e\u043c\u0435\u043d\u0434\u0443\u0454\u0442\u044c\u0441\u044f? \u0422\u0438\u043c, \u0443 \u043a\u043e\u0433\u043e \u0432\u043e\u043b\u043e\u0441\u0441\u044f \u0442\u043e\u043d\u043a\u0435 \u0442\u0430\/\u0430\u0431\u043e \u0437\u0440\u0456\u0434\u0436\u0435\u043d\u0435. \u0422\u0438\u043c, \u0445\u0442\u043e \u0445\u043e\u0447\u0435 \u0437\u0431\u0435\u0440\u0435\u0433\u0442\u0438 \u043c\u043e\u043b\u043e\u0434\u0456\u0441\u0442\u044c \u0448\u043a\u0456\u0440\u0438 \u0433\u043e\u043b\u043e\u0432\u0438 \u0442\u0430 \u0432\u043e\u043b\u043e\u0441\u0441\u044f \u0442\u0430 \u0443\u043f\u043e\u0432\u0456\u043b\u044c\u043d\u0438\u0442\u0438 \u043f\u0440\u0438\u0440\u043e\u0434\u043d\u0438\u0439 \u043f\u0440\u043e\u0446\u0435\u0441 \u0441\u0442\u0430\u0440\u0456\u043d\u043d\u044f \u043a\u043b\u0456\u0442\u0438\u043d. \u0422\u0438\u043c, \u0445\u0442\u043e \u043f\u0456\u0434\u0434\u0430\u0454\u0442\u044c\u0441\u044f \u043d\u0430\u0434\u043c\u0456\u0440\u043d\u043e\u043c\u0443 \u0441\u0442\u0440\u0435\u0441\u0443, \u0449\u043e \u0437\u0431\u0456\u043b\u044c\u0448\u0443\u0454 \u0440\u0438\u0437\u0438\u043a \u043f\u0435\u0440\u0435\u0434\u0447\u0430\u0441\u043d\u043e\u0433\u043e \u0441\u0442\u0430\u0440\u0456\u043d\u043d\u044f. StaminO&#039;Rising \u0437\u0430\u0432\u0435\u0440\u0448\u0443\u0454 \u043b\u0456\u043a\u0443\u0432\u0430\u043d\u043d\u044f. \u0412\u0456\u043d \u043c\u0430\u0454 \u043c\u2019\u044f\u043a\u0438\u0439 \u043e\u0447\u0438\u0449\u0443\u0432\u0430\u043b\u044c\u043d\u0438\u0439 \u0435\u0444\u0435\u043a\u0442, \u043e\u0434\u043d\u043e\u0447\u0430\u0441\u043d\u043e \u0440\u0443\u0439\u043d\u0443\u044e\u0447\u0438 \u0437\u0430\u0431\u0440\u0443\u0434\u043d\u0435\u043d\u043d\u044f. \u0412\u0456\u043d \u043c\u0430\u0454 \u0436\u0438\u0432\u0438\u043b\u044c\u043d\u0438\u0439 \u0435\u0444\u0435\u043a\u0442, \u0430 \u0442\u0430\u043a\u043e\u0436 \u0437\u043c\u0456\u0446\u043d\u044e\u0454 \u0432\u043e\u043b\u043e\u0441\u0441\u044f \u0437\u0430\u0432\u0434\u044f\u043a\u0438 \u0432\u043c\u0456\u0441\u0442\u0443 \u0441\u043e\u0454\u0432\u043e\u0433\u043e \u0431\u0456\u043b\u043a\u0430. \u0406\u043d\u0441\u0442\u0440\u0443\u043a\u0446\u0456\u044f \u0456\u0437 \u0437\u0430\u0441\u0442\u043e\u0441\u0443\u0432\u0430\u043d\u043d\u044f: \u041d\u0430\u043d\u043e\u0441\u044c\u0442\u0435 \u0432\u0430\u043d\u043d\u043e\u0447\u043a\u0443 \u0434\u043b\u044f \u0432\u043e\u043b\u043e\u0441\u0441\u044f \u0437 \u0440\u043e\u0441\u043b\u0438\u043d\u043d\u0438\u043c\u0438 \u0441\u0442\u043e\u0432\u0431\u0443\u0440\u043e\u0432\u0438\u043c\u0438 \u043a\u043b\u0456\u0442\u0438\u043d\u0430\u043c\u0438 StaminO&#039;Rising \u043d\u0430 \u0432\u043e\u043b\u043e\u0433\u0435 \u0432\u043e\u043b\u043e\u0441\u0441\u044f \u0434\u0432\u0456\u0447\u0456 \u043d\u0430 \u0442\u0438\u0436\u0434\u0435\u043d\u044c, \u043d\u0456\u0436\u043d\u043e \u043c\u0430\u0441\u0430\u0436\u0443\u044e\u0447\u0438 \u0457\u0457 \u0432 \u0448\u043a\u0456\u0440\u0443 \u0433\u043e\u043b\u043e\u0432\u0438 (\u0440\u043e\u0437\u0432\u0435\u0434\u0456\u0442\u044c 1:1 \u0437 \u0432\u043e\u0434\u043e\u044e), \u043f\u043e\u0442\u0456\u043c \u0437\u043c\u0438\u0439\u0442\u0435 \u0447\u0435\u0440\u0435\u0437 \u043f\u2019\u044f\u0442\u044c \u0445\u0432\u0438\u043b\u0438\u043d.<\/p>\n<p>&nbsp;<\/p>","protected":false},"excerpt":{"rendered":"<p>A StaminO\u2019Rising complexben tal\u00e1lhat\u00f3 akt\u00edv n\u00f6v\u00e9nyi \u0151ssejtek laborat\u00f3riumi folyamatok sorozat\u00e1val ker\u00fclnek kinyer\u00e9sre a Malus Domestica-b\u00f3l (h\u00e1zi alma \u0151se), amely m\u00e1r a Kr. u. 700-as \u00e9vekt\u0151l n\u0151 Sv\u00e1jcban. Sejtjei hossz\u00fa \u00e9let\u0171ek, valamint hossz\u00fa ideig biztos\u00edtj\u00e1k a gy\u00fcm\u00f6lcs frissess\u00e9g\u00e9t, k\u00f6sz\u00f6nhet\u0151en magas sav \u00e9s tanin tartalm\u00e1nak. Napjainkban a sejtkinyer\u00e9si technol\u00f3gia lehet\u0151s\u00e9get ad az olyan ritka n\u00f6v\u00e9nyek \u00e9rt\u00e9kes sejtjeinek [&hellip;]<\/p>\n","protected":false},"featured_media":3358,"template":"","meta":[],"product_brand":[357],"product_cat":[223,239],"product_tag":[352],"class_list":{"0":"post-2678","1":"product","2":"type-product","3":"status-publish","4":"has-post-thumbnail","6":"product_brand-orising","7":"product_cat-haj","8":"product_cat-sampon","9":"product_tag-hajapolas","10":"pa_brand-orising","11":"pa_size-286","13":"first","14":"instock","15":"purchasable","16":"product-type-simple"},"_links":{"self":[{"href":"https:\/\/amedclinic.hu\/ua\/wp-json\/wp\/v2\/product\/2678","targetHints":{"allow":["GET"]}}],"collection":[{"href":"https:\/\/amedclinic.hu\/ua\/wp-json\/wp\/v2\/product"}],"about":[{"href":"https:\/\/amedclinic.hu\/ua\/wp-json\/wp\/v2\/types\/product"}],"wp:featuredmedia":[{"embeddable":true,"href":"https:\/\/amedclinic.hu\/ua\/wp-json\/wp\/v2\/media\/3358"}],"wp:attachment":[{"href":"https:\/\/amedclinic.hu\/ua\/wp-json\/wp\/v2\/media?parent=2678"}],"wp:term":[{"taxonomy":"product_brand","embeddable":true,"href":"https:\/\/amedclinic.hu\/ua\/wp-json\/wp\/v2\/product_brand?post=2678"},{"taxonomy":"product_cat","embeddable":true,"href":"https:\/\/amedclinic.hu\/ua\/wp-json\/wp\/v2\/product_cat?post=2678"},{"taxonomy":"product_tag","embeddable":true,"href":"https:\/\/amedclinic.hu\/ua\/wp-json\/wp\/v2\/product_tag?post=2678"}],"curies":[{"name":"\u0412\u041f","href":"https:\/\/api.w.org\/{rel}","templated":true}]}}