{"id":4275,"date":"2024-04-13T06:21:17","date_gmt":"2024-04-13T06:21:17","guid":{"rendered":"https:\/\/amedclinic.hu\/?post_type=product&#038;p=4275"},"modified":"2025-10-26T12:33:00","modified_gmt":"2025-10-26T12:33:00","slug":"thalgo-eye-pro-patches","status":"publish","type":"product","link":"https:\/\/amedclinic.hu\/ru\/product\/thalgo-eye-pro-patches\/","title":{"rendered":"Thalgo HYALU-PROCOLLAGENE WRINKL - \u041a\u043e\u0440\u0440\u0435\u043a\u0442\u0438\u0440\u0443\u044e\u0449\u0438\u0435 \u043f\u0430\u0442\u0447\u0438 \u0434\u043b\u044f \u0433\u043b\u0430\u0437 Pro 8\u00d72"},"content":{"rendered":"<p><strong>\u041a\u043e\u043d\u0446\u0435\u043d\u0442\u0440\u0438\u0440\u043e\u0432\u0430\u043d\u043d\u044b\u0435 \u043f\u0430\u0442\u0447\u0438-\u043c\u0430\u0441\u043a\u0438 3 \u0432 1 \u043f\u0440\u043e\u0442\u0438\u0432 \u043e\u0442\u0435\u0447\u043d\u043e\u0441\u0442\u0438, \u0442\u0435\u043c\u043d\u044b\u0445 \u043a\u0440\u0443\u0433\u043e\u0432 \u0438 \u0433\u0443\u0441\u0438\u043d\u044b\u0445 \u043b\u0430\u043f\u043e\u043a<\/strong><\/p>\n<p>\u041f\u0430\u0442\u0447\u0438 \u0434\u043b\u044f \u0433\u043b\u0430\u0437 \u0441 \u043e\u0445\u043b\u0430\u0436\u0434\u0430\u044e\u0449\u0438\u043c \u044d\u0444\u0444\u0435\u043a\u0442\u043e\u043c, \u0433\u0435\u043b\u0435\u0432\u043e\u0439 \u0442\u0435\u043a\u0441\u0442\u0443\u0440\u043e\u0439, \u0431\u0435\u0437 \u043e\u0442\u0434\u0443\u0448\u0435\u043a, \u043f\u0440\u043e\u043f\u0438\u0442\u0430\u043d\u044b \u0434\u0435\u0440\u043c\u0430\u0442\u043e\u043b\u043e\u0433\u0438\u0447\u0435\u0441\u043a\u0438 \u043f\u0440\u043e\u0442\u0435\u0441\u0442\u0438\u0440\u043e\u0432\u0430\u043d\u043d\u044b\u043c \u043c\u043e\u0440\u0441\u043a\u0438\u043c \u043f\u0440\u043e\u043a\u043e\u043b\u043b\u0430\u0433\u0435\u043d\u043e\u043c \u0438 \u043a\u043e\u043c\u043f\u043b\u0435\u043a\u0441\u043e\u043c \u0433\u0438\u0430\u043b\u0443\u0440\u043e\u043d\u043e\u0432\u043e\u0439 \u043a\u0438\u0441\u043b\u043e\u0442\u044b. \u041f\u0430\u0442\u0447\u0438 \u0438\u0434\u0435\u0430\u043b\u044c\u043d\u043e \u043f\u043e\u0434\u0445\u043e\u0434\u044f\u0442 \u043a \u043a\u043e\u043d\u0442\u0443\u0440\u0443 \u0433\u043b\u0430\u0437. \u041e\u043d\u0438 \u0432\u043e\u0441\u043f\u043e\u043b\u043d\u044f\u044e\u0442 \u043c\u043e\u0440\u0449\u0438\u043d\u044b \u0438 \u0443\u0441\u0442\u0430\u0432\u0448\u0443\u044e \u043a\u043e\u0436\u0443 \u0432\u043e\u043a\u0440\u0443\u0433 \u0433\u043b\u0430\u0437 \u0437\u0430 10 \u043c\u0438\u043d\u0443\u0442. \u0415\u0433\u043e \u044d\u0444\u0444\u0435\u043a\u0442 \u0434\u043b\u0438\u0442\u0441\u044f \u0432\u0435\u0441\u044c \u0434\u0435\u043d\u044c. \u041c\u043e\u0440\u0449\u0438\u043d\u044b \u0438 \u0443\u0441\u0442\u0430\u0432\u0448\u0430\u044f \u043a\u043e\u0436\u0430 \u0432\u043e\u043a\u0440\u0443\u0433 \u0433\u043b\u0430\u0437 \u043c\u0433\u043d\u043e\u0432\u0435\u043d\u043d\u043e \u0432\u043e\u0441\u043f\u043e\u043b\u043d\u044f\u044e\u0442\u0441\u044f \u0438 \u0440\u0430\u0437\u0433\u043b\u0430\u0436\u0438\u0432\u0430\u044e\u0442\u0441\u044f.\u00a0<em>\u0420\u0435\u043a\u043e\u043c\u0435\u043d\u0434\u0443\u0435\u0442\u0441\u044f \u0434\u043b\u044f \u0434\u0435\u0442\u0435\u0439 \u043e\u0442 25 \u043b\u0435\u0442 \u0438 \u0441\u0442\u0430\u0440\u0448\u0435. \u041c<\/em>\u0446\u0435\u043d\u0430 \u0437\u0430 \u043e\u0434\u043d\u0443 \u043f\u0440\u043e\u0446\u0435\u0434\u0443\u0440\u0443 50 % \u043f\u043e\u0432\u044b\u0448\u0430\u0435\u0442 \u0443\u0432\u043b\u0430\u0436\u043d\u0435\u043d\u043d\u043e\u0441\u0442\u044c \u043e\u0431\u043b\u0430\u0441\u0442\u0438 \u0432\u043e\u043a\u0440\u0443\u0433 \u0433\u043b\u0430\u0437 \u0443\u0436\u0435 \u0447\u0435\u0440\u0435\u0437 10 \u043c\u0438\u043d\u0443\u0442 \u043f\u0440\u0438\u043c\u0435\u043d\u0435\u043d\u0438\u044f \u0438 \u0437\u0430\u043f\u043e\u043b\u043d\u044f\u0435\u0442 \u043c\u0435\u043b\u043a\u0438\u0435 \u043c\u043e\u0440\u0449\u0438\u043d\u043a\u0438.<\/p>\n<p><strong>\u041e\u0441\u043d\u043e\u0432\u043d\u044b\u0435 \u0430\u043a\u0442\u0438\u0432\u043d\u044b\u0435 \u0438\u043d\u0433\u0440\u0435\u0434\u0438\u0435\u043d\u0442\u044b:<\/strong><\/p>\n<ul>\n<li>\u041c\u043e\u0440\u0441\u043a\u043e\u0439 \u0433\u0438\u0430\u043b\u0443\u0440\u043e\u043d\u043e\u0432\u044b\u0439 \u043a\u043e\u043c\u043f\u043b\u0435\u043a\u0441<\/li>\n<li>\u041c\u043e\u0440\u0441\u043a\u043e\u0439 \u043f\u0440\u043e-\u043a\u043e\u043b\u043b\u0430\u0433\u0435\u043d<\/li>\n<li>\u041c\u043e\u0440\u0441\u043a\u0430\u044f \u0432\u043e\u0434\u0430<\/li>\n<li>\u0424\u0435\u0440\u043c\u0435\u043d\u0442\u0438\u0440\u043e\u0432\u0430\u043d\u043d\u044b\u0439 \u044d\u043a\u0441\u0442\u0440\u0430\u043a\u0442 \u043f\u0441\u0435\u0432\u0434\u043e\u0430\u043b\u044c\u0442\u0435\u0440\u043e\u043c\u043e\u043d\u0430\u0434\u044b<\/li>\n<\/ul>\n<p><strong>\u0418\u0441\u043f\u043e\u043b\u044c\u0437\u043e\u0432\u0430\u0442\u044c:<\/strong>\u00a0\u0418\u0434\u0435\u0430\u043b\u044c\u043d\u043e \u0438\u0441\u043f\u043e\u043b\u044c\u0437\u043e\u0432\u0430\u0442\u044c \u043f\u0435\u0440\u0435\u0434 \u0432\u0430\u0436\u043d\u044b\u043c \u043c\u0435\u0440\u043e\u043f\u0440\u0438\u044f\u0442\u0438\u0435\u043c, \u0447\u0442\u043e\u0431\u044b \u0443\u0441\u0442\u0440\u0430\u043d\u0438\u0442\u044c \u043f\u0440\u0438\u0437\u043d\u0430\u043a\u0438 \u0443\u0441\u0442\u0430\u043b\u043e\u0441\u0442\u0438. \u0412\u0441\u0435\u0433\u0434\u0430 \u0438\u0441\u043f\u043e\u043b\u044c\u0437\u0443\u0439\u0442\u0435 \u043d\u0430 \u0438\u0434\u0435\u0430\u043b\u044c\u043d\u043e \u043e\u0447\u0438\u0449\u0435\u043d\u043d\u043e\u0439 \u043a\u043e\u0436\u0435. \u041e\u0441\u0442\u0430\u0432\u044c\u0442\u0435 \u043d\u0430 10 \u043c\u0438\u043d\u0443\u0442.\u00a0<em>Az\u00a0<\/em>\u0431\u043e\u043b\u0435\u0435 \u0438\u043d\u0442\u0435\u043d\u0441\u0438\u0432\u043d\u044b\u0439 \u044d\u0444\u0444\u0435\u043a\u0442<em>\u00a0\u0445\u0440\u0430\u043d\u0438\u0442\u0435 \u043c\u0430\u0441\u043a\u0443-\u043f\u0430\u0442\u0447 \u0432 \u0445\u043e\u043b\u043e\u0434\u0438\u043b\u044c\u043d\u0438\u043a\u0435.<\/em><\/p>\n<p><strong>\u0423\u043f\u0430\u043a\u043e\u0432\u043a\u0430:<\/strong>\u00a08 \u043f\u0430\u0440\/\u043a\u043e\u0440\u043e\u0431\u043a\u0430<\/p>","protected":false},"excerpt":{"rendered":"<p>Koncentr\u00e1lt 3 az 1-ben hat\u00e1s\u00fa tapasz maszkok a duzzanatok, s\u00f6t\u00e9t karik\u00e1k \u00e9s a szarkal\u00e1bak ellen H\u0171s\u00edt\u0151 hat\u00e1s\u00fa, g\u00e9l text\u00far\u00e1j\u00fa, illatmentes, b\u0151rgy\u00f3gy\u00e1szatilag tesztelt tengeri pro-kollag\u00e9nnel \u00e9s hialuronsav komplexszel \u00e1titatott szemk\u00f6rny\u00e9k tapaszok. A tapaszok t\u00f6k\u00e9letesen illeszkednek a szemkort\u00farhoz. 10 perc alatt t\u00f6ltik fel a szemk\u00f6rny\u00e9k r\u00e1ncait \u00e9s f\u00e1radt b\u0151r\u00e9t. Hat\u00e1sa eg\u00e9sz napon \u00e1t tart. A szemk\u00f6rny\u00e9k r\u00e1ncai [&hellip;]<\/p>\n","protected":false},"featured_media":4276,"template":"","meta":[],"product_brand":[359],"product_cat":[260],"product_tag":[400],"class_list":{"0":"post-4275","1":"product","2":"type-product","3":"status-publish","4":"has-post-thumbnail","6":"product_brand-thalgo","7":"product_cat-szemkornyek-apolas","8":"product_tag-arcapolas","10":"first","11":"instock","12":"shipping-taxable","13":"purchasable","14":"product-type-simple"},"_links":{"self":[{"href":"https:\/\/amedclinic.hu\/ru\/wp-json\/wp\/v2\/product\/4275","targetHints":{"allow":["GET"]}}],"collection":[{"href":"https:\/\/amedclinic.hu\/ru\/wp-json\/wp\/v2\/product"}],"about":[{"href":"https:\/\/amedclinic.hu\/ru\/wp-json\/wp\/v2\/types\/product"}],"wp:featuredmedia":[{"embeddable":true,"href":"https:\/\/amedclinic.hu\/ru\/wp-json\/wp\/v2\/media\/4276"}],"wp:attachment":[{"href":"https:\/\/amedclinic.hu\/ru\/wp-json\/wp\/v2\/media?parent=4275"}],"wp:term":[{"taxonomy":"product_brand","embeddable":true,"href":"https:\/\/amedclinic.hu\/ru\/wp-json\/wp\/v2\/product_brand?post=4275"},{"taxonomy":"product_cat","embeddable":true,"href":"https:\/\/amedclinic.hu\/ru\/wp-json\/wp\/v2\/product_cat?post=4275"},{"taxonomy":"product_tag","embeddable":true,"href":"https:\/\/amedclinic.hu\/ru\/wp-json\/wp\/v2\/product_tag?post=4275"}],"curies":[{"name":"WP","href":"https:\/\/api.w.org\/{rel}","templated":true}]}}