{"id":4272,"date":"2024-04-13T06:12:43","date_gmt":"2024-04-13T06:12:43","guid":{"rendered":"https:\/\/amedclinic.hu\/?post_type=product&#038;p=4272"},"modified":"2025-10-26T12:34:08","modified_gmt":"2025-10-26T12:34:08","slug":"merveile-arctique-salt-flake-scurb-270-g","status":"publish","type":"product","link":"https:\/\/amedclinic.hu\/ru\/product\/merveile-arctique-salt-flake-scurb-270-g\/","title":{"rendered":"Merveile Arctic - \u0421\u043a\u0430\u0440\u0431 \u0438\u0437 \u0441\u043e\u043b\u044f\u043d\u044b\u0445 \u0445\u043b\u043e\u043f\u044c\u0435\u0432 270 \u0433"},"content":{"rendered":"<p>\u0421\u043a\u0440\u0430\u0431 \u0434\u043b\u044f \u0442\u0435\u043b\u0430 \u043d\u0430 \u0433\u0435\u043b\u0435\u0432\u043e\u0439 \u043e\u0441\u043d\u043e\u0432\u0435 \u0432 \u0447\u0440\u0435\u0437\u0432\u044b\u0447\u0430\u0439\u043d\u043e \u044d\u043a\u043e\u043d\u043e\u043c\u0438\u0447\u043d\u043e\u0439 \u0443\u043f\u0430\u043a\u043e\u0432\u043a\u0435, \u0431\u0435\u043b\u044b\u0439, \u043a\u0430\u043a \u0441\u0432\u0435\u0436\u0438\u0439 \u0441\u043d\u0435\u0433. \u041f\u0440\u0438 \u0435\u0433\u043e \u0438\u0441\u043f\u043e\u043b\u044c\u0437\u043e\u0432\u0430\u043d\u0438\u0438 \u043a\u043e\u0436\u0430 \u0441\u0442\u0430\u043d\u043e\u0432\u0438\u0442\u0441\u044f \u043d\u0435\u0441\u0440\u0430\u0432\u043d\u0435\u043d\u043d\u043e \u043c\u044f\u0433\u043a\u043e\u0439.<\/p>\n<p><strong>\u0418\u043d\u0433\u0440\u0435\u0434\u0438\u0435\u043d\u0442\u044b:\u00a0<\/strong>\u0411\u043e\u0440\u0435\u0430\u043b\u044c\u043d\u044b\u0435 \u0432\u043e\u0434\u043e\u0440\u043e\u0441\u043b\u0438, \u0441\u043e\u043b\u044f\u043d\u043e\u0435 \u0442\u0440\u0438\u043e, \u043f\u043e\u043b\u0438\u0441\u0430\u0445\u0430\u0440\u0438\u0434\u044b.<\/p>\n<p><strong>\u0411\u043e\u0440\u0435\u0430\u043b\u044c\u043d\u044b\u0435 \u0432\u043e\u0434\u043e\u0440\u043e\u0441\u043b\u0438:<\/strong>\u00a0\u042d\u0442\u0438 \u0432\u043e\u0434\u043e\u0440\u043e\u0441\u043b\u0438, \u0431\u043e\u0433\u0430\u0442\u044b\u0435 \u043c\u0438\u043d\u0435\u0440\u0430\u043b\u0430\u043c\u0438 \u0438 \u043c\u0438\u043a\u0440\u043e\u044d\u043b\u0435\u043c\u0435\u043d\u0442\u0430\u043c\u0438, \u043f\u0438\u0442\u0430\u044e\u0442, \u043e\u0445\u043b\u0430\u0436\u0434\u0430\u044e\u0442, \u0437\u0430\u0449\u0438\u0449\u0430\u044e\u0442 \u043e\u0442 \u043e\u0431\u0435\u0437\u0432\u043e\u0436\u0438\u0432\u0430\u043d\u0438\u044f \u0438 \u0432\u043e\u0441\u043f\u043e\u043b\u043d\u044f\u044e\u0442 \u043c\u0438\u043d\u0435\u0440\u0430\u043b\u0430\u043c\u0438.<\/p>\n<p><strong>\u0421\u043e\u043b\u044f\u043d\u043e\u0435 \u0442\u0440\u0438\u043e:<\/strong>\u00a0\u0421\u043e\u0434\u0435\u0440\u0436\u0438\u0442 \u0441\u043e\u043b\u044c \u0442\u0440\u0435\u0445 \u0440\u0430\u0437\u043d\u044b\u0445 \u0440\u0430\u0437\u043c\u0435\u0440\u043e\u0432: \u0441\u043e\u043b\u044c \u0438\u0437 \u043d\u0430\u0442\u0443\u0440\u0430\u043b\u044c\u043d\u044b\u0445 \u043c\u0435\u043b\u043a\u0438\u0445 \u043a\u0430\u043c\u043d\u0435\u0439, \u043c\u043e\u0440\u0441\u043a\u0443\u044e \u0441\u043e\u043b\u044c \u0438 \u043c\u0430\u0433\u043d\u0438\u0435\u0432\u0443\u044e \u0441\u043e\u043b\u044c.<\/p>\n<p><strong>\u041f\u043e\u043b\u0438\u0441\u0430\u0445\u0430\u0440\u0438\u0434:<\/strong>\u00a0\u0411\u0438\u043e\u0442\u0435\u0445\u043d\u043e\u043b\u043e\u0433\u0438\u0447\u0435\u0441\u043a\u0438 \u043f\u0440\u043e\u0438\u0437\u0432\u0435\u0434\u0435\u043d\u043d\u044b\u0439, \u0441 \u0432\u044b\u0441\u043e\u043a\u0438\u043c \u0441\u043e\u0434\u0435\u0440\u0436\u0430\u043d\u0438\u0435\u043c \u0444\u0440\u0443\u043a\u0442\u043e\u0437\u044b, \u043e\u043a\u0430\u0437\u044b\u0432\u0430\u0435\u0442 \u043f\u0438\u0442\u0430\u0442\u0435\u043b\u044c\u043d\u043e\u0435 \u0438 \u0443\u0441\u043f\u043e\u043a\u0430\u0438\u0432\u0430\u044e\u0449\u0435\u0435 \u0434\u0435\u0439\u0441\u0442\u0432\u0438\u0435. \u041e\u0431\u0440\u0430\u0437\u0443\u0435\u0442 \u0437\u0430\u0449\u0438\u0442\u043d\u044b\u0439 \u0441\u043b\u043e\u0439 \u043d\u0430 \u043f\u043e\u0432\u0435\u0440\u0445\u043d\u043e\u0441\u0442\u0438 \u043a\u043e\u0436\u0438, \u043f\u0440\u0435\u0434\u043e\u0442\u0432\u0440\u0430\u0449\u0430\u044f \u043f\u043e\u0442\u0435\u0440\u044e \u0432\u043e\u0434\u044b \u0438 \u043e\u0431\u0435\u0441\u043f\u0435\u0447\u0438\u0432\u0430\u044f \u0434\u043b\u0438\u0442\u0435\u043b\u044c\u043d\u043e\u0435 \u0443\u0432\u043b\u0430\u0436\u043d\u0435\u043d\u0438\u0435.<\/p>\n<p><strong>\u0418\u0441\u043f\u043e\u043b\u044c\u0437\u043e\u0432\u0430\u0442\u044c:<\/strong>\u00a0\u041d\u0430\u043d\u0435\u0441\u0438\u0442\u0435 \u043d\u0430 \u0441\u0443\u0445\u0443\u044e \u043a\u043e\u0436\u0443 \u043a\u0440\u0443\u0433\u043e\u0432\u044b\u043c\u0438 \u0434\u0432\u0438\u0436\u0435\u043d\u0438\u044f\u043c\u0438, \u0437\u0430\u0442\u0435\u043c \u0442\u0449\u0430\u0442\u0435\u043b\u044c\u043d\u043e \u0441\u043c\u043e\u0439\u0442\u0435. \u041f\u0440\u0438 \u0447\u0443\u0432\u0441\u0442\u0432\u0438\u0442\u0435\u043b\u044c\u043d\u043e\u0439 \u043a\u043e\u0436\u0435 \u0440\u0430\u0441\u0442\u0432\u043e\u0440\u0438\u0442\u0435 \u0435\u0433\u043e \u0432 \u043b\u0430\u0434\u043e\u043d\u0438 \u0441 \u043d\u0435\u0431\u043e\u043b\u044c\u0448\u0438\u043c \u043a\u043e\u043b\u0438\u0447\u0435\u0441\u0442\u0432\u043e\u043c \u0432\u043e\u0434\u044b, \u043f\u0440\u0435\u0436\u0434\u0435 \u0447\u0435\u043c \u043d\u0430\u043d\u043e\u0441\u0438\u0442\u044c \u043d\u0430 \u0442\u0435\u043b\u043e. \u0415\u0433\u043e \u043f\u0440\u0438\u043c\u0435\u043d\u0435\u043d\u0438\u0435 \u0440\u0435\u043a\u043e\u043c\u0435\u043d\u0434\u0443\u0435\u0442\u0441\u044f \u043e\u0434\u0438\u043d \u0440\u0430\u0437 \u0432 \u043d\u0435\u0434\u0435\u043b\u044e.<\/p>","protected":false},"excerpt":{"rendered":"<p>Rendk\u00edv\u00fcl gazdas\u00e1gos kiszerel\u00e9s\u0171, g\u00e9l b\u00e1zis\u00fa testrad\u00edr, ami feh\u00e9r ak\u00e1rcsak a friss h\u00f3. Haszn\u00e1lat\u00e1val a b\u0151r \u00f6sszehasonl\u00edthatatlanul puh\u00e1v\u00e1 v\u00e1lik. \u00d6sszetev\u0151k:\u00a0Boreal alga, s\u00f3 tri\u00f3, poliszacharidok Boreal alga:\u00a0Ez az \u00e1sv\u00e1nyi anyagokban \u00e9s nyomelemekben gazdag alga t\u00e1pl\u00e1l, h\u0171s\u00edt, v\u00e9d a kisz\u00e1rad\u00e1st\u00f3l \u00e9s \u00e1sv\u00e1nyi anyagokkal t\u00f6lt fel. S\u00f3 tri\u00f3:\u00a0H\u00e1rom k\u00fcl\u00f6nb\u00f6z\u0151 m\u00e9ret\u0171 s\u00f3t tartalmazz: term\u00e9szetes finom k\u0151zetekb\u0151l sz\u00e1rmaz\u00f3 s\u00f3t, tengeri s\u00f3t [&hellip;]<\/p>\n","protected":false},"featured_media":4273,"template":"","meta":[],"product_brand":[359],"product_cat":[237],"product_tag":[351,353],"class_list":{"0":"post-4272","1":"product","2":"type-product","3":"status-publish","4":"has-post-thumbnail","6":"product_brand-thalgo","7":"product_cat-borradir-test","8":"product_tag-testapolas","9":"product_tag-testradir","11":"first","12":"instock","13":"shipping-taxable","14":"purchasable","15":"product-type-simple"},"_links":{"self":[{"href":"https:\/\/amedclinic.hu\/ru\/wp-json\/wp\/v2\/product\/4272","targetHints":{"allow":["GET"]}}],"collection":[{"href":"https:\/\/amedclinic.hu\/ru\/wp-json\/wp\/v2\/product"}],"about":[{"href":"https:\/\/amedclinic.hu\/ru\/wp-json\/wp\/v2\/types\/product"}],"wp:featuredmedia":[{"embeddable":true,"href":"https:\/\/amedclinic.hu\/ru\/wp-json\/wp\/v2\/media\/4273"}],"wp:attachment":[{"href":"https:\/\/amedclinic.hu\/ru\/wp-json\/wp\/v2\/media?parent=4272"}],"wp:term":[{"taxonomy":"product_brand","embeddable":true,"href":"https:\/\/amedclinic.hu\/ru\/wp-json\/wp\/v2\/product_brand?post=4272"},{"taxonomy":"product_cat","embeddable":true,"href":"https:\/\/amedclinic.hu\/ru\/wp-json\/wp\/v2\/product_cat?post=4272"},{"taxonomy":"product_tag","embeddable":true,"href":"https:\/\/amedclinic.hu\/ru\/wp-json\/wp\/v2\/product_tag?post=4272"}],"curies":[{"name":"WP","href":"https:\/\/api.w.org\/{rel}","templated":true}]}}