{"id":4110,"date":"2024-03-16T08:26:24","date_gmt":"2024-03-16T08:26:24","guid":{"rendered":"https:\/\/amedclinic.hu\/?post_type=product&#038;p=4110"},"modified":"2025-10-26T15:04:00","modified_gmt":"2025-10-26T15:04:00","slug":"zo-sunscreen-powder-medium","status":"publish","type":"product","link":"https:\/\/amedclinic.hu\/ru\/product\/zo-sunscreen-powder-medium\/","title":{"rendered":"\u0421\u043e\u043b\u043d\u0446\u0435\u0437\u0430\u0449\u0438\u0442\u043d\u044b\u0439 \u043a\u0440\u0435\u043c ZO+\u043f\u0443\u0434\u0440\u0430 \u0441\u0440\u0435\u0434\u043d\u0435\u0433\u043e \u043e\u0442\u0442\u0435\u043d\u043a\u0430"},"content":{"rendered":"<div>\n<p class=\"_-wKrqS font-default-body-s-semibold\">\u041a\u0440\u0430\u0442\u043a\u043e\u0435 \u043e\u043f\u0438\u0441\u0430\u043d\u0438\u0435<\/p>\n<p><span class=\"_-wKrqS font-default-body-s-regular\" data-qa=\"short-description\">\u0422\u043e\u043d\u0438\u0440\u0443\u044e\u0449\u0430\u044f \u0441\u043e\u043b\u043d\u0446\u0435\u0437\u0430\u0449\u0438\u0442\u043d\u0430\u044f \u043f\u0443\u0434\u0440\u0430 \u0441 \u043c\u0435\u043b\u0430\u043d\u0438\u043d\u043e\u043c (\u0444\u0430\u043a\u0442\u043e\u0440 30)<\/span><\/p>\n<\/div>\n<div>\n<p class=\"_-wKrqS font-default-body-s-semibold\">\u041e\u043f\u0438\u0441\u0430\u043d\u0438\u0435 \u043f\u0440\u043e\u0434\u0443\u043a\u0442\u0430<\/p>\n<div class=\"_1TJy+T\">\n<div class=\"hSpRTS\">\n<p class=\"_-wKrqS font-default-body-s-regular Ld1K+O qSrXg8\" data-qa=\"description\">\u0418\u043d\u043d\u043e\u0432\u0430\u0446\u0438\u043e\u043d\u043d\u0430\u044f \u0437\u0430\u0449\u0438\u0442\u0430 Triple-Spectrum Protection\u00ae \u0438 \u044d\u043a\u0441\u043a\u043b\u044e\u0437\u0438\u0432\u043d\u0430\u044f \u0430\u043d\u0442\u0438\u043e\u043a\u0441\u0438\u0434\u0430\u043d\u0442\u043d\u0430\u044f \u0442\u0435\u0445\u043d\u043e\u043b\u043e\u0433\u0438\u044f ZO\u00ae, \u043a\u043e\u0442\u043e\u0440\u0430\u044f \u043e\u0431\u0435\u0441\u043f\u0435\u0447\u0438\u0432\u0430\u0435\u0442 \u043f\u0440\u0435\u0432\u043e\u0441\u0445\u043e\u0434\u043d\u0443\u044e \u0437\u0430\u0449\u0438\u0442\u0443 \u043e\u0442 \u0443\u043b\u044c\u0442\u0440\u0430\u0444\u0438\u043e\u043b\u0435\u0442\u0430 \u0438 \u0437\u0430\u0449\u0438\u0449\u0430\u0435\u0442 \u043e\u0442 \u0432\u0440\u0435\u0434\u043d\u044b\u0445 \u0432\u043e\u0437\u0434\u0435\u0439\u0441\u0442\u0432\u0438\u0439 \u043e\u043a\u0440\u0443\u0436\u0430\u044e\u0449\u0435\u0439 \u0441\u0440\u0435\u0434\u044b. \u0411\u043b\u0430\u0433\u043e\u0434\u0430\u0440\u044f \u0441\u043e\u0434\u0435\u0440\u0436\u0430\u043d\u0438\u044e \u043f\u0438\u0433\u043c\u0435\u043d\u0442\u0430 \u0432\u044b\u0440\u0430\u0432\u043d\u0438\u0432\u0430\u0435\u0442 \u0432\u043d\u0435\u0448\u043d\u0438\u0439 \u0432\u0438\u0434 \u043a\u043e\u0436\u0438. \u0423\u043c\u0435\u043d\u044c\u0448\u0430\u0435\u0442 \u043f\u043e\u0442\u0435\u0440\u044e \u0432\u043e\u0434\u044b \u043a\u043e\u0436\u0435\u0439, \u0432 \u0440\u0435\u0437\u0443\u043b\u044c\u0442\u0430\u0442\u0435 \u0447\u0435\u0433\u043e \u043f\u043e\u0432\u0435\u0440\u0445\u043d\u043e\u0441\u0442\u044c \u043a\u043e\u0436\u0438 \u0441\u0442\u0430\u043d\u043e\u0432\u0438\u0442\u0441\u044f \u043c\u0430\u0442\u043e\u0432\u043e\u0439. \u0421\u043e\u0434\u0435\u0440\u0436\u0438\u0442 \u0436\u0438\u0440\u043e\u043f\u043e\u0433\u043b\u043e\u0449\u0430\u044e\u0449\u0438\u0435 \u0438\u043d\u0433\u0440\u0435\u0434\u0438\u0435\u043d\u0442\u044b \u0438 \u0441\u0432\u0435\u0442\u043e\u043e\u0442\u0440\u0430\u0436\u0430\u044e\u0449\u0438\u0435 \u0447\u0430\u0441\u0442\u0438\u0446\u044b, \u043a\u043e\u0442\u043e\u0440\u044b\u0435 \u0443\u043c\u0435\u043d\u044c\u0448\u0430\u044e\u0442 \u043d\u0435\u0436\u0435\u043b\u0430\u0442\u0435\u043b\u044c\u043d\u0443\u044e \u0436\u0438\u0440\u043d\u043e\u0441\u0442\u044c \u043f\u043e\u0432\u0435\u0440\u0445\u043d\u043e\u0441\u0442\u0438 \u0438 \u043f\u0440\u0438\u0434\u0430\u044e\u0442 \u0435\u0439 \u044f\u0440\u043a\u0438\u0439 \u043c\u0430\u0442\u043e\u0432\u044b\u0439 \u043e\u0442\u0442\u0435\u043d\u043e\u043a. \u041e\u043d \u0440\u0430\u0432\u043d\u043e\u043c\u0435\u0440\u043d\u043e \u0440\u0430\u0441\u043f\u0440\u0435\u0434\u0435\u043b\u044f\u0435\u0442 \u0430\u043a\u0442\u0438\u0432\u043d\u044b\u0439 \u0438\u043d\u0433\u0440\u0435\u0434\u0438\u0435\u043d\u0442 \u0441 \u043f\u043e\u043c\u043e\u0449\u044c\u044e \u0443\u043b\u044c\u0442\u0440\u0430\u043c\u044f\u0433\u043a\u0438\u0445 \u0449\u0435\u0442\u0438\u043d\u043e\u043a. \u0415\u0433\u043e \u043c\u043e\u0436\u043d\u043e \u0438\u0441\u043f\u043e\u043b\u044c\u0437\u043e\u0432\u0430\u0442\u044c \u043d\u0435\u0441\u043a\u043e\u043b\u044c\u043a\u043e \u0440\u0430\u0437 \u0432 \u0434\u0435\u043d\u044c \u0434\u0430\u0436\u0435 \u043f\u043e\u0432\u0435\u0440\u0445 \u043c\u0430\u043a\u0438\u044f\u0436\u0430. \u0423\u043d\u0438\u043a\u0430\u043b\u044c\u043d\u0430\u044f \u043a\u0438\u0441\u0442\u044c \u043f\u043e\u0437\u0432\u043e\u043b\u044f\u0435\u0442 \u043b\u0435\u0433\u043a\u043e \u043d\u0430\u043d\u043e\u0441\u0438\u0442\u044c \u043f\u0440\u043e\u0434\u0443\u043a\u0442.<\/p>\n<p>\u041f\u0440\u0438\u043e\u0431\u0440\u0435\u0441\u0442\u0438 \u043f\u0440\u043e\u0434\u0443\u043a\u0446\u0438\u044e ZO Skin Health \u043c\u043e\u0436\u043d\u043e \u0442\u043e\u043b\u044c\u043a\u043e \u043f\u043e\u0441\u043b\u0435 \u043a\u043e\u043d\u0441\u0443\u043b\u044c\u0442\u0430\u0446\u0438\u0438 \u0441\u043e \u0441\u043f\u0435\u0446\u0438\u0430\u043b\u0438\u0441\u0442\u043e\u043c. \u0415\u0441\u043b\u0438 \u0432\u044b \u0443\u0436\u0435 \u0431\u044b\u043b\u0438 \u043d\u0430 \u043a\u043e\u043d\u0441\u0443\u043b\u044c\u0442\u0430\u0446\u0438\u0438 \u0438 \u0445\u043e\u0442\u0435\u043b\u0438 \u0431\u044b \u0441\u0434\u0435\u043b\u0430\u0442\u044c \u043f\u043e\u0432\u0442\u043e\u0440\u043d\u044b\u0439 \u0437\u0430\u043a\u0430\u0437, \u043f\u043e\u043c\u0435\u0441\u0442\u0438\u0442\u0435 \u0442\u043e\u0432\u0430\u0440 \u0432 \u043a\u043e\u0440\u0437\u0438\u043d\u0443 \u0438 \u043e\u0442\u043f\u0440\u0430\u0432\u044c\u0442\u0435 \u0437\u0430\u043a\u0430\u0437. \u041d\u0430\u0448\u0438 \u043a\u043e\u043b\u043b\u0435\u0433\u0438 \u043f\u0440\u043e\u0432\u0435\u0440\u044f\u0442 \u0438 \u0441\u0432\u044f\u0436\u0443\u0442\u0441\u044f \u0441 \u0437\u0430\u043a\u0430\u0437\u0447\u0438\u043a\u043e\u043c.<\/p>\n<p>\u0415\u0441\u043b\u0438 \u0432\u044b \u0435\u0449\u0435 \u043d\u0435 \u0431\u044b\u043b\u0438 \u043d\u0430 \u043a\u043e\u043d\u0441\u0443\u043b\u044c\u0442\u0430\u0446\u0438\u0438 \u0438 \u0437\u0430\u0438\u043d\u0442\u0435\u0440\u0435\u0441\u043e\u0432\u0430\u043d\u044b \u0438\u043b\u0438 \u0443 \u0432\u0430\u0441 \u0435\u0441\u0442\u044c \u0432\u043e\u043f\u0440\u043e\u0441\u044b, \u0441\u0432\u044f\u0436\u0438\u0442\u0435\u0441\u044c \u0441 \u043d\u0430\u0448\u0438\u043c \u0441\u043f\u0435\u0446\u0438\u0430\u043b\u0438\u0441\u0442\u043e\u043c \u043f\u043e \u0442\u0435\u0440\u0430\u043f\u0438\u0438 \u043a\u043e\u0436\u0438 ZO Skin Health \u043f\u043e \u0441\u043b\u0435\u0434\u0443\u044e\u0449\u0438\u043c \u043a\u043e\u043d\u0442\u0430\u043a\u0442\u043d\u044b\u043c \u0434\u0430\u043d\u043d\u044b\u043c:<\/p>\n<p>\u041a\u043b\u0438\u043d\u0438\u043a\u0430 A.med - \u0434\u043e\u043a\u0442\u043e\u0440 \u0410\u043d\u0438\u0442\u0430 \u041f\u0430\u0432\u043b\u0438\u0441\u043a\u043e<\/p>\n<p><a href=\"mailto:info@amedclinic.hu\">info@amedclinic.hu<\/a><\/p>\n<p>+36 70 771 8645<\/p>\n<\/div>\n<\/div>\n<\/div>","protected":false},"excerpt":{"rendered":"<p>R\u00f6vid le\u00edr\u00e1s Sz\u00ednezett f\u00e9nyv\u00e9d\u0151 por melaninnal (30 faktoros) Term\u00e9kle\u00edr\u00e1s Innovat\u00edv Triple-Spectrum Protection\u00ae \u00e9s exkluz\u00edv ZO\u00ae antioxid\u00e1ns technol\u00f3gia, amely kiv\u00e1l\u00f3 UV v\u00e9delmet biztos\u00edt \u00e9s v\u00e9d a k\u00e1ros k\u00f6rnyezeti hat\u00e1sokkal szemben. Pigment tartalm\u00e1nak k\u00f6sz\u00f6nhet\u0151en egyenletes\u00edti a b\u0151rmegjelen\u00e9st. Cs\u00f6kkenti a b\u0151r v\u00edzveszt\u00e9s\u00e9t, matt b\u0151rfelsz\u00ednt eredm\u00e9nyez. Olaj-elnyel\u0151 \u00f6sszetev\u0151ket \u00e9s f\u00e9nyvisszaver\u0151 szemcs\u00e9ket tartalmaz, ezek cs\u00f6kkentik a fel\u00fclet nem k\u00edv\u00e1nt zs\u00edross\u00e1g\u00e1t [&hellip;]<\/p>\n","protected":false},"featured_media":4111,"template":"","meta":[],"product_brand":[354],"product_cat":[111,213],"product_tag":[399],"class_list":{"0":"post-4110","1":"product","2":"type-product","3":"status-publish","4":"has-post-thumbnail","6":"product_brand-zo-skin-health","7":"product_cat-arc","8":"product_cat-fenyvedo","9":"product_tag-fenyvedo","11":"first","12":"instock","13":"shipping-taxable","14":"purchasable","15":"product-type-simple"},"_links":{"self":[{"href":"https:\/\/amedclinic.hu\/ru\/wp-json\/wp\/v2\/product\/4110","targetHints":{"allow":["GET"]}}],"collection":[{"href":"https:\/\/amedclinic.hu\/ru\/wp-json\/wp\/v2\/product"}],"about":[{"href":"https:\/\/amedclinic.hu\/ru\/wp-json\/wp\/v2\/types\/product"}],"wp:featuredmedia":[{"embeddable":true,"href":"https:\/\/amedclinic.hu\/ru\/wp-json\/wp\/v2\/media\/4111"}],"wp:attachment":[{"href":"https:\/\/amedclinic.hu\/ru\/wp-json\/wp\/v2\/media?parent=4110"}],"wp:term":[{"taxonomy":"product_brand","embeddable":true,"href":"https:\/\/amedclinic.hu\/ru\/wp-json\/wp\/v2\/product_brand?post=4110"},{"taxonomy":"product_cat","embeddable":true,"href":"https:\/\/amedclinic.hu\/ru\/wp-json\/wp\/v2\/product_cat?post=4110"},{"taxonomy":"product_tag","embeddable":true,"href":"https:\/\/amedclinic.hu\/ru\/wp-json\/wp\/v2\/product_tag?post=4110"}],"curies":[{"name":"WP","href":"https:\/\/api.w.org\/{rel}","templated":true}]}}