{"id":2555,"date":"2023-06-23T18:01:20","date_gmt":"2023-06-23T18:01:20","guid":{"rendered":"https:\/\/amedclinic.hu\/product\/travel-milk-cleanse-ultra-60ml\/"},"modified":"2025-10-28T15:51:43","modified_gmt":"2025-10-28T15:51:43","slug":"travel-milk-cleanse-ultra-60ml","status":"publish","type":"product","link":"https:\/\/amedclinic.hu\/ru\/product\/travel-milk-cleanse-ultra-60ml\/","title":{"rendered":"DMK Travel Milk Cleanse Ultra 60\u043c\u043b"},"content":{"rendered":"<p>\u042d\u0442\u0430 \u0444\u043e\u0440\u043c\u0443\u043b\u0430 \u0441\u043e\u0434\u0435\u0440\u0436\u0438\u0442 \u0430\u043d\u0442\u0438\u043e\u043a\u0441\u0438\u0434\u0430\u043d\u0442\u044b \u0438 \u0441\u043c\u044f\u0433\u0447\u0430\u044e\u0449\u0438\u0435 \u0432\u0435\u0449\u0435\u0441\u0442\u0432\u0430 \u0434\u043b\u044f \u043f\u0438\u0442\u0430\u043d\u0438\u044f \u0438 \u0441\u043d\u044f\u0442\u0438\u044f \u0440\u0430\u0437\u0434\u0440\u0430\u0436\u0435\u043d\u0438\u044f, \u0430 \u0442\u0430\u043a\u0436\u0435 \u0441\u043c\u0435\u0441\u044c \u043d\u0435\u0436\u043d\u044b\u0445 \u043f\u043e\u0432\u0435\u0440\u0445\u043d\u043e\u0441\u0442\u043d\u043e-\u0430\u043a\u0442\u0438\u0432\u043d\u044b\u0445 \u0432\u0435\u0449\u0435\u0441\u0442\u0432 \u043d\u0430 \u043e\u0441\u043d\u043e\u0432\u0435 \u043a\u043e\u043a\u043e\u0441\u0430 \u0434\u043b\u044f \u0443\u0434\u0430\u043b\u0435\u043d\u0438\u044f \u043f\u043e\u0432\u0435\u0440\u0445\u043d\u043e\u0441\u0442\u043d\u044b\u0445 \u0437\u0430\u0433\u0440\u044f\u0437\u043d\u0435\u043d\u0438\u0439 \u0438 \u043e\u0441\u0432\u0435\u0436\u0435\u043d\u0438\u044f \u043a\u043e\u0436\u0438, \u043d\u0435 \u0441\u0442\u044f\u0433\u0438\u0432\u0430\u044f \u0438 \u043d\u0435 \u0432\u044b\u0441\u0443\u0448\u0438\u0432\u0430\u044f \u0435\u0435. Milk Cleanse Ultra \u043f\u043e\u0434\u0445\u043e\u0434\u0438\u0442 \u0434\u043b\u044f \u043e\u0431\u0435\u0437\u0436\u0438\u0440\u0435\u043d\u043d\u043e\u0439, \u043f\u043e\u0441\u0442\u043c\u0435\u043d\u043e\u043f\u0430\u0443\u0437\u0430\u043b\u044c\u043d\u043e\u0439 \u0438\u043b\u0438 \u0440\u0435\u0430\u043a\u0442\u0438\u0432\u043d\u043e\u0439 \u043a\u043e\u0436\u0438. \u041e\u043d \u0442\u0430\u043a\u0436\u0435 \u043f\u043e\u0434\u0445\u043e\u0434\u0438\u0442 \u0434\u043b\u044f \u043f\u0430\u0446\u0438\u0435\u043d\u0442\u043e\u0432, \u0441\u043a\u043b\u043e\u043d\u043d\u044b\u0445 \u043a \u044d\u043a\u0437\u0435\u043c\u0435, \u043f\u0441\u043e\u0440\u0438\u0430\u0437\u0443, \u0440\u043e\u0437\u0430\u0446\u0435\u0430 \u0438 \u0434\u0435\u0440\u043c\u0430\u0442\u0438\u0442\u0443, \u0438 \u043c\u043e\u0436\u0435\u0442 \u0431\u044b\u0442\u044c \u043d\u0430\u0437\u043d\u0430\u0447\u0435\u043d \u0434\u043b\u044f \u043a\u043e\u0436\u0438, \u043f\u043e\u0434\u0432\u0435\u0440\u0436\u0435\u043d\u043d\u043e\u0439 \u0432\u043e\u0437\u0434\u0435\u0439\u0441\u0442\u0432\u0438\u044e \u043f\u0443\u0442\u0435\u0448\u0435\u0441\u0442\u0432\u0438\u0439 \u0438 \u0441\u0435\u0437\u043e\u043d\u043d\u044b\u0445 \u0438\u0437\u043c\u0435\u043d\u0435\u043d\u0438\u0439 \u043f\u043e\u0433\u043e\u0434\u044b \u0432 \u0445\u043e\u043b\u043e\u0434\u043d\u043e\u043c \u0438\u043b\u0438 \u0441\u0443\u0445\u043e\u043c \u043a\u043b\u0438\u043c\u0430\u0442\u0435.<\/p>\n<p>&nbsp;<\/p>","protected":false},"excerpt":{"rendered":"<p>Ez a k\u00e9sz\u00edtm\u00e9ny antioxid\u00e1nsokat \u00e9s b\u0151rpuh\u00edt\u00f3 anyagokat tartalmaz, amelyek t\u00e1pl\u00e1lj\u00e1k \u00e9s csillap\u00edtj\u00e1k az irrit\u00e1ci\u00f3t, valamint gyeng\u00e9d k\u00f3kusz alap\u00fa fel\u00fcletakt\u00edv anyagok kever\u00e9k\u00e9t, amelyek elt\u00e1vol\u00edtj\u00e1k a fel\u00fcleti szennyez\u0151d\u00e9seket \u00e9s felfriss\u00edtik a b\u0151rt an\u00e9lk\u00fcl, hogy lecsupasz\u00edtan\u00e1k vagy kisz\u00e1r\u00edtan\u00e1k azt. A Milk Cleanse Ultra lipidsz\u00e1raz, posztmenopauz\u00e1s vagy reakt\u00edv b\u0151rre alkalmas. Az ekc\u00e9m\u00e1ra, pikkelys\u00f6m\u00f6rre, rosace\u00e1ra \u00e9s b\u0151rgyullad\u00e1sra hajlamos p\u00e1ciensek sz\u00e1m\u00e1ra [&hellip;]<\/p>\n","protected":false},"featured_media":4307,"template":"","meta":[],"product_brand":[361],"product_cat":[248,111,112],"product_tag":[400],"class_list":{"0":"post-2555","1":"product","2":"type-product","3":"status-publish","4":"has-post-thumbnail","6":"product_brand-dmk","7":"product_cat-ajak-apolas","8":"product_cat-arc","9":"product_cat-tisztitas","10":"product_tag-arcapolas","11":"pa_brand-dmk","13":"first","14":"instock","15":"purchasable","16":"product-type-simple"},"_links":{"self":[{"href":"https:\/\/amedclinic.hu\/ru\/wp-json\/wp\/v2\/product\/2555","targetHints":{"allow":["GET"]}}],"collection":[{"href":"https:\/\/amedclinic.hu\/ru\/wp-json\/wp\/v2\/product"}],"about":[{"href":"https:\/\/amedclinic.hu\/ru\/wp-json\/wp\/v2\/types\/product"}],"wp:featuredmedia":[{"embeddable":true,"href":"https:\/\/amedclinic.hu\/ru\/wp-json\/wp\/v2\/media\/4307"}],"wp:attachment":[{"href":"https:\/\/amedclinic.hu\/ru\/wp-json\/wp\/v2\/media?parent=2555"}],"wp:term":[{"taxonomy":"product_brand","embeddable":true,"href":"https:\/\/amedclinic.hu\/ru\/wp-json\/wp\/v2\/product_brand?post=2555"},{"taxonomy":"product_cat","embeddable":true,"href":"https:\/\/amedclinic.hu\/ru\/wp-json\/wp\/v2\/product_cat?post=2555"},{"taxonomy":"product_tag","embeddable":true,"href":"https:\/\/amedclinic.hu\/ru\/wp-json\/wp\/v2\/product_tag?post=2555"}],"curies":[{"name":"WP","href":"https:\/\/api.w.org\/{rel}","templated":true}]}}