{"id":4110,"date":"2024-03-16T08:26:24","date_gmt":"2024-03-16T08:26:24","guid":{"rendered":"https:\/\/amedclinic.hu\/?post_type=product&#038;p=4110"},"modified":"2025-10-26T15:04:00","modified_gmt":"2025-10-26T15:04:00","slug":"zo-sunscreen-powder-medium","status":"publish","type":"product","link":"https:\/\/amedclinic.hu\/en\/product\/zo-sunscreen-powder-medium\/","title":{"rendered":"ZO Sunscreen+Powder Medium"},"content":{"rendered":"<div>\n<p class=\"_-wKrqS font-default-body-s-semibold\">Short description<\/p>\n<p><span class=\"_-wKrqS font-default-body-s-regular\" data-qa=\"short-description\">Tinted sunscreen powder with melanin (factor 30)<\/span><\/p>\n<\/div>\n<div>\n<p class=\"_-wKrqS font-default-body-s-semibold\">Product description<\/p>\n<div class=\"_1TJy+T\">\n<div class=\"hSpRTS\">\n<p class=\"_-wKrqS font-default-body-s-regular Ld1K+O qSrXg8\" data-qa=\"description\">Innovative Triple-Spectrum Protection\u00ae and exclusive ZO\u00ae antioxidant technology, which provides excellent UV protection and protects against harmful environmental influences. Thanks to its pigment content, it evens out the appearance of the skin. It reduces the skin&#039;s water loss, resulting in a matte skin surface. It contains oil-absorbing ingredients and light-reflecting particles, which reduce unwanted surface greasiness and result in a bright, matte tone. It distributes the active ingredient evenly with ultra-soft bristles. It can be used several times a day, even over make-up. The uniquely designed brush allows for easy application of the product.<\/p>\n<p>ZO Skin Health products can only be purchased after consultation with a specialist. If you have already had a consultation and would like to reorder, place the product in your cart and send the order. Our colleagues will check and contact the customer.<\/p>\n<p>If you have not yet had a consultation and are interested or have questions, contact our ZO Skin Health skin therapy specialist at the following contact details:<\/p>\n<p>A.med Clinic - Dr Anita Pavlisk\u00f3<\/p>\n<p><a href=\"mailto:info@amedclinic.hu\">info@amedclinic.hu<\/a><\/p>\n<p>+36 70 771 8645<\/p>\n<\/div>\n<\/div>\n<\/div>","protected":false},"excerpt":{"rendered":"<p>R\u00f6vid le\u00edr\u00e1s Sz\u00ednezett f\u00e9nyv\u00e9d\u0151 por melaninnal (30 faktoros) Term\u00e9kle\u00edr\u00e1s Innovat\u00edv Triple-Spectrum Protection\u00ae \u00e9s exkluz\u00edv ZO\u00ae antioxid\u00e1ns technol\u00f3gia, amely kiv\u00e1l\u00f3 UV v\u00e9delmet biztos\u00edt \u00e9s v\u00e9d a k\u00e1ros k\u00f6rnyezeti hat\u00e1sokkal szemben. Pigment tartalm\u00e1nak k\u00f6sz\u00f6nhet\u0151en egyenletes\u00edti a b\u0151rmegjelen\u00e9st. Cs\u00f6kkenti a b\u0151r v\u00edzveszt\u00e9s\u00e9t, matt b\u0151rfelsz\u00ednt eredm\u00e9nyez. Olaj-elnyel\u0151 \u00f6sszetev\u0151ket \u00e9s f\u00e9nyvisszaver\u0151 szemcs\u00e9ket tartalmaz, ezek cs\u00f6kkentik a fel\u00fclet nem k\u00edv\u00e1nt zs\u00edross\u00e1g\u00e1t [&hellip;]<\/p>\n","protected":false},"featured_media":4111,"template":"","meta":[],"product_brand":[354],"product_cat":[111,213],"product_tag":[399],"class_list":{"0":"post-4110","1":"product","2":"type-product","3":"status-publish","4":"has-post-thumbnail","6":"product_brand-zo-skin-health","7":"product_cat-arc","8":"product_cat-fenyvedo","9":"product_tag-fenyvedo","11":"first","12":"instock","13":"shipping-taxable","14":"purchasable","15":"product-type-simple"},"_links":{"self":[{"href":"https:\/\/amedclinic.hu\/en\/wp-json\/wp\/v2\/product\/4110","targetHints":{"allow":["GET"]}}],"collection":[{"href":"https:\/\/amedclinic.hu\/en\/wp-json\/wp\/v2\/product"}],"about":[{"href":"https:\/\/amedclinic.hu\/en\/wp-json\/wp\/v2\/types\/product"}],"wp:featuredmedia":[{"embeddable":true,"href":"https:\/\/amedclinic.hu\/en\/wp-json\/wp\/v2\/media\/4111"}],"wp:attachment":[{"href":"https:\/\/amedclinic.hu\/en\/wp-json\/wp\/v2\/media?parent=4110"}],"wp:term":[{"taxonomy":"product_brand","embeddable":true,"href":"https:\/\/amedclinic.hu\/en\/wp-json\/wp\/v2\/product_brand?post=4110"},{"taxonomy":"product_cat","embeddable":true,"href":"https:\/\/amedclinic.hu\/en\/wp-json\/wp\/v2\/product_cat?post=4110"},{"taxonomy":"product_tag","embeddable":true,"href":"https:\/\/amedclinic.hu\/en\/wp-json\/wp\/v2\/product_tag?post=4110"}],"curies":[{"name":"wp","href":"https:\/\/api.w.org\/{rel}","templated":true}]}}