{"id":4095,"date":"2024-03-15T20:05:44","date_gmt":"2024-03-15T20:05:44","guid":{"rendered":"https:\/\/amedclinic.hu\/?post_type=product&#038;p=4095"},"modified":"2025-10-26T16:10:17","modified_gmt":"2025-10-26T16:10:17","slug":"sisters-aroma-hand-sanitizer-s1-wood-amber","status":"publish","type":"product","link":"https:\/\/amedclinic.hu\/en\/product\/sisters-aroma-hand-sanitizer-s1-wood-amber\/","title":{"rendered":"Sister&#039;s Aroma HAND SANITIZER S1 Wood Amber"},"content":{"rendered":"<p>Kills 99.9% of microbes.<br \/>\nIt protects the skin from cracks with the glycerin in the ingredients.<br \/>\nIt leaves a niche aroma on the hand.<br \/>\nA 30 ml bottle is enough for 3-4 months of use.<\/p>","protected":false},"excerpt":{"rendered":"<p>Elpuszt\u00edtja a mikrob\u00e1k 99,9%-\u00e1t. Megv\u00e9di a b\u0151rt a reped\u00e9sekt\u0151l az \u00f6sszetev\u0151kben tal\u00e1lhat\u00f3 glicerinnel. Niche arom\u00e1t hagy a k\u00e9zen. Egy 30 ml-es palack 3-4 h\u00f3napos haszn\u00e1lathoz elegend\u0151.<\/p>","protected":false},"featured_media":4096,"template":"","meta":[],"product_brand":[360],"product_cat":[249,252],"product_tag":[407],"class_list":{"0":"post-4095","1":"product","2":"type-product","3":"status-publish","4":"has-post-thumbnail","6":"product_brand-sisters-aroma","7":"product_cat-illat","8":"product_cat-kezfertotlenito","9":"product_tag-kezfertotlenito","11":"first","12":"instock","13":"shipping-taxable","14":"purchasable","15":"product-type-simple"},"_links":{"self":[{"href":"https:\/\/amedclinic.hu\/en\/wp-json\/wp\/v2\/product\/4095","targetHints":{"allow":["GET"]}}],"collection":[{"href":"https:\/\/amedclinic.hu\/en\/wp-json\/wp\/v2\/product"}],"about":[{"href":"https:\/\/amedclinic.hu\/en\/wp-json\/wp\/v2\/types\/product"}],"wp:featuredmedia":[{"embeddable":true,"href":"https:\/\/amedclinic.hu\/en\/wp-json\/wp\/v2\/media\/4096"}],"wp:attachment":[{"href":"https:\/\/amedclinic.hu\/en\/wp-json\/wp\/v2\/media?parent=4095"}],"wp:term":[{"taxonomy":"product_brand","embeddable":true,"href":"https:\/\/amedclinic.hu\/en\/wp-json\/wp\/v2\/product_brand?post=4095"},{"taxonomy":"product_cat","embeddable":true,"href":"https:\/\/amedclinic.hu\/en\/wp-json\/wp\/v2\/product_cat?post=4095"},{"taxonomy":"product_tag","embeddable":true,"href":"https:\/\/amedclinic.hu\/en\/wp-json\/wp\/v2\/product_tag?post=4095"}],"curies":[{"name":"wp","href":"https:\/\/api.w.org\/{rel}","templated":true}]}}