{"id":2678,"date":"2023-06-23T18:01:50","date_gmt":"2023-06-23T18:01:50","guid":{"rendered":"https:\/\/amedclinic.hu\/product\/staminorising-novenyi-ossejt-hajfurdo-100-ml\/"},"modified":"2025-10-28T14:58:48","modified_gmt":"2025-10-28T14:58:48","slug":"staminorising-novenyi-ossejt-hajfurdo-100-ml","status":"publish","type":"product","link":"https:\/\/amedclinic.hu\/en\/product\/staminorising-novenyi-ossejt-hajfurdo-100-ml\/","title":{"rendered":"O&#039;RISING StaminO&#039;Rising \u2013 Plant stem cell hair bath 100 ml"},"content":{"rendered":"<p>The active plant stem cells in the StaminO&#039;Rising complex are extracted through a series of laboratory processes from Malus Domestica (ancestor of the domestic apple), which dates back to AD. It has been growing in Switzerland since the 700s. Its cells are long-lived and ensure the freshness of the fruit for a long time, thanks to its high acid and tannin content. Today, cell extraction technology provides an opportunity to reproduce the valuable cells of such rare plants as Malus Domestica. Who is it recommended for? Those with thinning and\/or thinning hair. Anyone who wants to preserve the youth of their scalp and hair and who wants to slow down the natural aging process of their cells. Anyone who is exposed to excessive stress increases the risk of premature aging. StaminO&#039;Rising completes the treatment. Dirt has a decomposing effect and performs a gentle cleaning. It has a nourishing effect and also strengthens the hair thanks to its soy protein content. Instructions for use: Gently massage the StaminO&#039;Rising plant stem cell hair bath into the scalp twice a week on wet hair (diluted 1:1 with water), then rinse after five minutes.<\/p>\n<p>&nbsp;<\/p>","protected":false},"excerpt":{"rendered":"<p>A StaminO\u2019Rising complexben tal\u00e1lhat\u00f3 akt\u00edv n\u00f6v\u00e9nyi \u0151ssejtek laborat\u00f3riumi folyamatok sorozat\u00e1val ker\u00fclnek kinyer\u00e9sre a Malus Domestica-b\u00f3l (h\u00e1zi alma \u0151se), amely m\u00e1r a Kr. u. 700-as \u00e9vekt\u0151l n\u0151 Sv\u00e1jcban. Sejtjei hossz\u00fa \u00e9let\u0171ek, valamint hossz\u00fa ideig biztos\u00edtj\u00e1k a gy\u00fcm\u00f6lcs frissess\u00e9g\u00e9t, k\u00f6sz\u00f6nhet\u0151en magas sav \u00e9s tanin tartalm\u00e1nak. Napjainkban a sejtkinyer\u00e9si technol\u00f3gia lehet\u0151s\u00e9get ad az olyan ritka n\u00f6v\u00e9nyek \u00e9rt\u00e9kes sejtjeinek [&hellip;]<\/p>\n","protected":false},"featured_media":3358,"template":"","meta":[],"product_brand":[357],"product_cat":[223,239],"product_tag":[352],"class_list":{"0":"post-2678","1":"product","2":"type-product","3":"status-publish","4":"has-post-thumbnail","6":"product_brand-orising","7":"product_cat-haj","8":"product_cat-sampon","9":"product_tag-hajapolas","10":"pa_brand-orising","11":"pa_size-286","13":"first","14":"instock","15":"purchasable","16":"product-type-simple"},"_links":{"self":[{"href":"https:\/\/amedclinic.hu\/en\/wp-json\/wp\/v2\/product\/2678","targetHints":{"allow":["GET"]}}],"collection":[{"href":"https:\/\/amedclinic.hu\/en\/wp-json\/wp\/v2\/product"}],"about":[{"href":"https:\/\/amedclinic.hu\/en\/wp-json\/wp\/v2\/types\/product"}],"wp:featuredmedia":[{"embeddable":true,"href":"https:\/\/amedclinic.hu\/en\/wp-json\/wp\/v2\/media\/3358"}],"wp:attachment":[{"href":"https:\/\/amedclinic.hu\/en\/wp-json\/wp\/v2\/media?parent=2678"}],"wp:term":[{"taxonomy":"product_brand","embeddable":true,"href":"https:\/\/amedclinic.hu\/en\/wp-json\/wp\/v2\/product_brand?post=2678"},{"taxonomy":"product_cat","embeddable":true,"href":"https:\/\/amedclinic.hu\/en\/wp-json\/wp\/v2\/product_cat?post=2678"},{"taxonomy":"product_tag","embeddable":true,"href":"https:\/\/amedclinic.hu\/en\/wp-json\/wp\/v2\/product_tag?post=2678"}],"curies":[{"name":"wp","href":"https:\/\/api.w.org\/{rel}","templated":true}]}}