{"id":2569,"date":"2023-06-23T18:01:26","date_gmt":"2023-06-23T18:01:26","guid":{"rendered":"https:\/\/amedclinic.hu\/product\/ice-globes-micro-peel-super-bright\/"},"modified":"2023-10-19T13:35:55","modified_gmt":"2023-10-19T13:35:55","slug":"ice-globes-micro-peel-super-bright","status":"publish","type":"product","link":"https:\/\/amedclinic.hu\/en\/product\/ice-globes-micro-peel-super-bright\/","title":{"rendered":"DMK Ice Globes Package"},"content":{"rendered":"<p>Package contents: Ice Globes, Micro Peel 180ml, Super Bright 60ml<\/p>\n<p>DMK products can only be purchased after consultation with a specialist. If you have already had a consultation and would like to reorder, place the product in your cart and send the order. Our colleagues will check and contact the customer.<\/p>\n<p>If you have not yet had a consultation and are interested or have questions, contact our ZO Skin Health skin therapy specialist at the following contact details:<\/p>\n<p>A.med Clinic - Dr Anita Pavlisk\u00f3<\/p>\n<p>info@amedclinic.hu<\/p>\n<p>+36 70 771 8645<\/p>","protected":false},"excerpt":{"rendered":"<p>A csomag tartalma: Ice Globes, Micro Peel 180ml, Super Bright 60ml A DMK term\u00e9kek kiz\u00e1r\u00f3lag szakorvosi konzult\u00e1ci\u00f3t k\u00f6vet\u0151en v\u00e1s\u00e1rolhat\u00f3ak meg. Amennyiben m\u00e1r volt konzult\u00e1ci\u00f3n \u00e9s ut\u00e1nrendelni szeretne, helyezze kosar\u00e1ba a term\u00e9ket \u00e9s k\u00fcldje el a megrendel\u00e9st. Koll\u00e9g\u00e1ink ellen\u0151rizni fogj\u00e1k \u00e9s felveszik a megrendel\u0151vel a kapcsolatot. Amennyiben m\u00e9g nem volt konzult\u00e1ci\u00f3n \u00e9s \u00e9rdekl\u0151dik, k\u00e9rd\u00e9se van, keresse [&hellip;]<\/p>\n","protected":false},"featured_media":3427,"template":"","meta":[],"product_brand":[],"product_cat":[111,217],"product_tag":[],"class_list":{"0":"post-2569","1":"product","2":"type-product","3":"status-publish","4":"has-post-thumbnail","6":"product_cat-arc","7":"product_cat-arcapolo-csomag","8":"pa_brand-dmk","9":"pa_size-293","11":"first","12":"instock","13":"purchasable","14":"product-type-simple"},"_links":{"self":[{"href":"https:\/\/amedclinic.hu\/en\/wp-json\/wp\/v2\/product\/2569","targetHints":{"allow":["GET"]}}],"collection":[{"href":"https:\/\/amedclinic.hu\/en\/wp-json\/wp\/v2\/product"}],"about":[{"href":"https:\/\/amedclinic.hu\/en\/wp-json\/wp\/v2\/types\/product"}],"wp:featuredmedia":[{"embeddable":true,"href":"https:\/\/amedclinic.hu\/en\/wp-json\/wp\/v2\/media\/3427"}],"wp:attachment":[{"href":"https:\/\/amedclinic.hu\/en\/wp-json\/wp\/v2\/media?parent=2569"}],"wp:term":[{"taxonomy":"product_brand","embeddable":true,"href":"https:\/\/amedclinic.hu\/en\/wp-json\/wp\/v2\/product_brand?post=2569"},{"taxonomy":"product_cat","embeddable":true,"href":"https:\/\/amedclinic.hu\/en\/wp-json\/wp\/v2\/product_cat?post=2569"},{"taxonomy":"product_tag","embeddable":true,"href":"https:\/\/amedclinic.hu\/en\/wp-json\/wp\/v2\/product_tag?post=2569"}],"curies":[{"name":"wp","href":"https:\/\/api.w.org\/{rel}","templated":true}]}}